{"id":674,"date":"2022-03-24T14:26:27","date_gmt":"2022-03-24T17:26:27","guid":{"rendered":"https:\/\/www.flordavida.ong.br\/site\/?page_id=674"},"modified":"2026-03-18T09:50:08","modified_gmt":"2026-03-18T12:50:08","slug":"associese-2","status":"publish","type":"page","link":"https:\/\/www.flordavida.ong.br\/site\/associese-2\/","title":{"rendered":"Associe-se"},"content":{"rendered":"<p>[et_pb_section fb_built=&#8221;1&#8243; _builder_version=&#8221;4.14.2&#8243; _module_preset=&#8221;default&#8221; global_colors_info=&#8221;{}&#8221;][et_pb_row column_structure=&#8221;1_2,1_2&#8243; admin_label=&#8221;Cabe\u00e7alho&#8221; _builder_version=&#8221;4.14.2&#8243; _module_preset=&#8221;default&#8221; global_colors_info=&#8221;{}&#8221;][et_pb_column type=&#8221;1_2&#8243; _builder_version=&#8221;4.14.2&#8243; _module_preset=&#8221;default&#8221; global_colors_info=&#8221;{}&#8221;][et_pb_image src=&#8221;https:\/\/www.flordavida.ong.br\/site\/wp-content\/uploads\/2022\/03\/oleos-bruno-1.png&#8221; title_text=&#8221;oleos bruno 1&#8243; _builder_version=&#8221;4.14.2&#8243; _module_preset=&#8221;default&#8221; max_width=&#8221;50%&#8221; module_alignment=&#8221;center&#8221; custom_margin=&#8221;-10%||||false|false&#8221; global_colors_info=&#8221;{}&#8221;][\/et_pb_image][\/et_pb_column][et_pb_column type=&#8221;1_2&#8243; _builder_version=&#8221;4.14.2&#8243; _module_preset=&#8221;default&#8221; global_colors_info=&#8221;{}&#8221;][et_pb_text _builder_version=&#8221;4.14.2&#8243; _module_preset=&#8221;default&#8221; text_font=&#8221;Bebas Neue||||||||&#8221; text_text_color=&#8221;#575757&#8243; text_font_size=&#8221;36px&#8221; text_line_height=&#8221;1.71em&#8221; text_orientation=&#8221;center&#8221; global_colors_info=&#8221;{}&#8221;]<\/p>\n<p>Agora ficou mais f\u00e1cil fazer seu cadastro.<\/p>\n<p>[\/et_pb_text][et_pb_text _builder_version=&#8221;4.14.2&#8243; _module_preset=&#8221;default&#8221; text_font=&#8221;|300|||||||&#8221; text_text_color=&#8221;#575757&#8243; text_font_size=&#8221;28px&#8221; text_line_height=&#8221;1.8em&#8221; text_orientation=&#8221;center&#8221; global_colors_info=&#8221;{}&#8221;]<\/p>\n<p>Leia as informa\u00e7\u00f5es e siga os passos.<br \/>Em breve voc\u00ea estar\u00e1 com a Flor da Vida.<\/p>\n<p>[\/et_pb_text][\/et_pb_column][\/et_pb_row][\/et_pb_section][et_pb_section fb_built=&#8221;1&#8243; _builder_version=&#8221;4.14.2&#8243; _module_preset=&#8221;default&#8221; global_colors_info=&#8221;{}&#8221;][et_pb_row _builder_version=&#8221;4.14.2&#8243; _module_preset=&#8221;default&#8221; global_colors_info=&#8221;{}&#8221;][et_pb_column type=&#8221;4_4&#8243; _builder_version=&#8221;4.14.2&#8243; _module_preset=&#8221;default&#8221; global_colors_info=&#8221;{}&#8221;][et_pb_divider color=&#8221;#179b2b&#8221; admin_label=&#8221;Divisor&#8221; _builder_version=&#8221;4.14.2&#8243; _module_preset=&#8221;default&#8221; global_colors_info=&#8221;{}&#8221;][\/et_pb_divider][et_pb_text _builder_version=&#8221;4.14.2&#8243; _module_preset=&#8221;default&#8221; text_font=&#8221;|300||on|||||&#8221; text_text_color=&#8221;#575757&#8243; text_font_size=&#8221;35px&#8221; text_orientation=&#8221;center&#8221; global_colors_info=&#8221;{}&#8221;]<\/p>\n<p>Cadastro de Pacientes<\/p>\n<p>[\/et_pb_text][et_pb_text _builder_version=&#8221;4.14.2&#8243; _module_preset=&#8221;default&#8221; text_font=&#8221;|300|on||||||&#8221; text_text_color=&#8221;#575757&#8243; text_font_size=&#8221;22px&#8221; text_orientation=&#8221;center&#8221; custom_margin=&#8221;||56px||false|false&#8221; global_colors_info=&#8221;{}&#8221;]<\/p>\n<p><span>Leia os itens abaixo antes de iniciar seu cadastro.<\/span><\/p>\n<p>[\/et_pb_text][et_pb_divider color=&#8221;#179b2b&#8221; admin_label=&#8221;Divisor&#8221; _builder_version=&#8221;4.14.2&#8243; _module_preset=&#8221;default&#8221; custom_margin=&#8221;||0px||false|false&#8221; custom_padding=&#8221;||0px||false|false&#8221; global_colors_info=&#8221;{}&#8221;][\/et_pb_divider][\/et_pb_column][\/et_pb_row][\/et_pb_section][et_pb_section fb_built=&#8221;1&#8243; admin_label=&#8221;Se\u00e7\u00e3o &#8211; sanfona&#8221; _builder_version=&#8221;4.14.2&#8243; _module_preset=&#8221;default&#8221; custom_margin=&#8221;-6%||||false|false&#8221; global_colors_info=&#8221;{}&#8221;][et_pb_row _builder_version=&#8221;4.14.2&#8243; _module_preset=&#8221;default&#8221; global_colors_info=&#8221;{}&#8221;][et_pb_column type=&#8221;4_4&#8243; _builder_version=&#8221;4.14.2&#8243; _module_preset=&#8221;default&#8221; global_colors_info=&#8221;{}&#8221;][et_pb_accordion use_icon_font_size=&#8221;on&#8221; icon_font_size=&#8221;26px&#8221; _builder_version=&#8221;4.14.2&#8243; _module_preset=&#8221;default&#8221; toggle_font=&#8221;|600|||||||&#8221; toggle_letter_spacing=&#8221;8px&#8221; animation_style=&#8221;fade&#8221; animation_duration=&#8221;1550ms&#8221; animation_delay=&#8221;450ms&#8221; global_colors_info=&#8221;{}&#8221;][et_pb_accordion_item title=&#8221;DOCUMENTOS PESSOAIS&#8221; _builder_version=&#8221;4.14.2&#8243; _module_preset=&#8221;default&#8221; body_link_text_color=&#8221;#1ba049&#8243; global_colors_info=&#8221;{}&#8221; open=&#8221;on&#8221;]<\/p>\n<p><span>Antes de iniciar seu cadastro, \u00e9 necess\u00e1rio ter fotos dos documentos: 1) Documento do paciente (RG ou CNH); 2) Documento do respons\u00e1vel (RG ou CNH); 3) Comprovante de residiencia; \u00a04) Receita m\u00e9dica espec\u00edfica para nosso \u00f3leo (<a href=\"https:\/\/www.flordavida.ong.br\/downloads\/como%20prescrever%20Flor%20da%20Vida.pdf\">baixe o modelo de receita<\/a>).<\/span><\/p>\n<p>[\/et_pb_accordion_item][et_pb_accordion_item title=&#8221;TIPO DE ASSOCIADO\/ FORMAS DE SE ASSOCIAR&#8221; _builder_version=&#8221;4.14.2&#8243; _module_preset=&#8221;default&#8221; global_colors_info=&#8221;{}&#8221; open=&#8221;off&#8221;]<\/p>\n<p><span>Voc\u00ea pode se cadastrar como paciente, respons\u00e1vel pelo paciente ou para uso veterin\u00e1rio. Se voc\u00ea \u00e9 hipossuficiente preencha o campo com o m\u00e1ximo de informa\u00e7\u00f5es poss\u00edveis que entraremos para validar o seu cadastro. Quer se cadastrar? <a href=\"https:\/\/sistema.flordavida.ong.br\/AreaAssociados\" target=\"_blank\" rel=\"noopener\" title=\"Associe-se\">Clique aqui.<\/a><\/span><\/p>\n<p>[\/et_pb_accordion_item][et_pb_accordion_item title=&#8221;AN\u00c1LISE DE CADASTRO&#8221; _builder_version=&#8221;4.14.2&#8243; _module_preset=&#8221;default&#8221; global_colors_info=&#8221;{}&#8221; open=&#8221;off&#8221;]<\/p>\n<p><span>Concluindo seu cadastro, ele ser\u00e1 analisado em um prazo de 5 dias \u00fateis, podendo ser admitido ou retornar para adequa\u00e7\u00e3o.<\/span><\/p>\n<p>[\/et_pb_accordion_item][et_pb_accordion_item title=&#8221;\u00c1REA DO ASSOCIADO&#8221; _builder_version=&#8221;4.14.2&#8243; _module_preset=&#8221;default&#8221; global_colors_info=&#8221;{}&#8221; open=&#8221;off&#8221;]<\/p>\n<p><span>Concluindo seu cadastro \u00e9 importante ver e validar todas as informa\u00e7\u00f5es por e-mail para ter acesso \u00e0 \u00e1rea do associado, onde ser\u00e1 feito todo processo de solicita\u00e7\u00e3o do do \u00f3leo com base na receita.<\/span><\/p>\n<p>[\/et_pb_accordion_item][et_pb_accordion_item title=&#8221;D\u00daVIDAS FREQUENTES&#8221; _builder_version=&#8221;4.14.2&#8243; _module_preset=&#8221;default&#8221; global_colors_info=&#8221;{}&#8221; open=&#8221;off&#8221;]<\/p>\n<p><span>Preparamos para voc\u00ea uma p\u00e1gina especial com as principais d\u00favidas e quest\u00f5es acerca do tratamento com cannabis. Quer saber mais? Clique aqui<\/span><\/p>\n<p>[\/et_pb_accordion_item][et_pb_accordion_item title=&#8221;ACOLHIMENTO&#8221; open=&#8221;off&#8221; _builder_version=&#8221;4.14.2&#8243; _module_preset=&#8221;default&#8221; global_colors_info=&#8221;{}&#8221;]<\/p>\n<p><span>Sabemos que podem haver d\u00favidas no ajuste da dosagem durante o uso do \u00f3leo. Para isso, contamos com uma equipe qualificada de terapeutas cannabicas que ir\u00e3o dar todo suporte necess\u00e1rio para maior efic\u00e1cia do tratamento. Basta solicitar acolhimento ap\u00f3s receber seu \u00f3leo. Se quer solicitar acolhimento clique aqui.<\/span><\/p>\n<p>[\/et_pb_accordion_item][\/et_pb_accordion][\/et_pb_column][\/et_pb_row][\/et_pb_section][et_pb_section fb_built=&#8221;1&#8243; _builder_version=&#8221;4.14.2&#8243; _module_preset=&#8221;default&#8221; global_colors_info=&#8221;{}&#8221;][et_pb_row _builder_version=&#8221;4.14.2&#8243; _module_preset=&#8221;default&#8221; global_colors_info=&#8221;{}&#8221;][et_pb_column type=&#8221;4_4&#8243; _builder_version=&#8221;4.14.2&#8243; _module_preset=&#8221;default&#8221; global_colors_info=&#8221;{}&#8221;][et_pb_divider color=&#8221;#1fad21&#8243; _builder_version=&#8221;4.14.2&#8243; _module_preset=&#8221;default&#8221; global_colors_info=&#8221;{}&#8221;][\/et_pb_divider][\/et_pb_column][\/et_pb_row][\/et_pb_section][et_pb_section fb_built=&#8221;1&#8243; admin_label=&#8221;Se\u00e7\u00e3o &#8211; Quero a receita&#8221; _builder_version=&#8221;4.14.2&#8243; _module_preset=&#8221;default&#8221; custom_margin=&#8221;-5%||||false|false&#8221; global_colors_info=&#8221;{}&#8221;][et_pb_row column_structure=&#8221;1_2,1_2&#8243; _builder_version=&#8221;4.14.2&#8243; _module_preset=&#8221;default&#8221; global_colors_info=&#8221;{}&#8221;][et_pb_column type=&#8221;1_2&#8243; _builder_version=&#8221;4.14.2&#8243; _module_preset=&#8221;default&#8221; global_colors_info=&#8221;{}&#8221;][et_pb_image src=&#8221;https:\/\/www.flordavida.ong.br\/site\/wp-content\/uploads\/2022\/04\/20220419_Pag-Associe-se-02-1.png&#8221; title_text=&#8221;#20220419_Pag-Associe-se-02&#8243; _builder_version=&#8221;4.14.2&#8243; _module_preset=&#8221;default&#8221; custom_padding=&#8221;|3px||||&#8221; global_colors_info=&#8221;{}&#8221;][\/et_pb_image][\/et_pb_column][et_pb_column type=&#8221;1_2&#8243; _builder_version=&#8221;4.14.2&#8243; _module_preset=&#8221;default&#8221; global_colors_info=&#8221;{}&#8221;][et_pb_text _builder_version=&#8221;4.14.2&#8243; _module_preset=&#8221;default&#8221; text_font=&#8221;||on||||||&#8221; text_font_size=&#8221;46px&#8221; text_line_height=&#8221;1.8em&#8221; text_orientation=&#8221;center&#8221; module_alignment=&#8221;center&#8221; global_colors_info=&#8221;{}&#8221;]<\/p>\n<p><span>Como obter a receita m\u00e9dica?<\/span><\/p>\n<p>[\/et_pb_text][et_pb_text _builder_version=&#8221;4.14.2&#8243; _module_preset=&#8221;default&#8221; text_font=&#8221;|300|||||||&#8221; text_font_size=&#8221;23px&#8221; text_orientation=&#8221;center&#8221; global_colors_info=&#8221;{}&#8221;]<\/p>\n<p><span>Fale com a nossa Central de Atendimento para agendar sua consulta com um de nossos m\u00e9dicos parceiros.<\/span><\/p>\n<p>[\/et_pb_text][et_pb_button button_url=&#8221;https:\/\/wa.me\/558004200420&#8243; url_new_window=&#8221;on&#8221; button_text=&#8221;Central de atendimento&#8221; button_alignment=&#8221;center&#8221; _builder_version=&#8221;4.14.2&#8243; _module_preset=&#8221;default&#8221; custom_button=&#8221;on&#8221; button_text_size=&#8221;36px&#8221; button_text_color=&#8221;#369e19&#8243; button_font=&#8221;|300|||||||&#8221; hover_enabled=&#8221;0&#8243; global_colors_info=&#8221;{}&#8221; sticky_enabled=&#8221;0&#8243;][\/et_pb_button][\/et_pb_column][\/et_pb_row][\/et_pb_section][et_pb_section fb_built=&#8221;1&#8243; _builder_version=&#8221;4.14.2&#8243; _module_preset=&#8221;default&#8221; global_colors_info=&#8221;{}&#8221;][et_pb_row _builder_version=&#8221;4.14.2&#8243; _module_preset=&#8221;default&#8221; global_colors_info=&#8221;{}&#8221;][et_pb_column type=&#8221;4_4&#8243; _builder_version=&#8221;4.14.2&#8243; _module_preset=&#8221;default&#8221; global_colors_info=&#8221;{}&#8221;][et_pb_divider color=&#8221;#1fad21&#8243; _builder_version=&#8221;4.14.2&#8243; _module_preset=&#8221;default&#8221; global_colors_info=&#8221;{}&#8221;][\/et_pb_divider][\/et_pb_column][\/et_pb_row][\/et_pb_section][et_pb_section fb_built=&#8221;1&#8243; admin_label=&#8221;Se\u00e7\u00e3o &#8211; Tudo pronto?&#8221; _builder_version=&#8221;4.14.2&#8243; _module_preset=&#8221;default&#8221; custom_margin=&#8221;-5%||||false|false&#8221; global_colors_info=&#8221;{}&#8221;][et_pb_row _builder_version=&#8221;4.14.2&#8243; _module_preset=&#8221;default&#8221; global_colors_info=&#8221;{}&#8221;][et_pb_column type=&#8221;4_4&#8243; _builder_version=&#8221;4.14.2&#8243; _module_preset=&#8221;default&#8221; global_colors_info=&#8221;{}&#8221;][et_pb_text _builder_version=&#8221;4.14.2&#8243; _module_preset=&#8221;default&#8221; text_font=&#8221;||on||||||&#8221; text_font_size=&#8221;46px&#8221; text_orientation=&#8221;center&#8221; global_colors_info=&#8221;{}&#8221;]<\/p>\n<p><span>Tudo pronto?<\/span><\/p>\n<p>[\/et_pb_text][et_pb_text _builder_version=&#8221;4.14.2&#8243; _module_preset=&#8221;default&#8221; text_font=&#8221;|300|||||||&#8221; text_font_size=&#8221;23px&#8221; text_orientation=&#8221;center&#8221; global_colors_info=&#8221;{}&#8221;]<\/p>\n<p><span>Agora \u00e9 hora de fazer seu cadastro e se tornar um associado Flor da Vida.<\/span><\/p>\n<p>[\/et_pb_text][et_pb_button button_url=&#8221;http:\/\/sistema.flordavida.ong.br\/areaassociados&#8221; url_new_window=&#8221;on&#8221; button_text=&#8221;Associe-se&#8221; button_alignment=&#8221;center&#8221; _builder_version=&#8221;4.14.2&#8243; _module_preset=&#8221;default&#8221; custom_button=&#8221;on&#8221; button_text_size=&#8221;36px&#8221; button_text_color=&#8221;#369e19&#8243; button_font=&#8221;|300|||||||&#8221; global_colors_info=&#8221;{}&#8221;][\/et_pb_button][\/et_pb_column][\/et_pb_row][\/et_pb_section]<\/p>\n","protected":false},"excerpt":{"rendered":"<p>Agora ficou mais f\u00e1cil fazer seu cadastro.Leia as informa\u00e7\u00f5es e siga os passos.Em breve voc\u00ea estar\u00e1 com a Flor da Vida.Cadastro de PacientesLeia os itens abaixo antes de iniciar seu cadastro.Antes de iniciar seu cadastro, \u00e9 necess\u00e1rio ter fotos dos documentos: 1) Documento do paciente (RG ou CNH); 2) Documento do respons\u00e1vel (RG ou CNH); [&hellip;]<\/p>\n","protected":false},"author":1,"featured_media":0,"parent":0,"menu_order":0,"comment_status":"closed","ping_status":"closed","template":"","meta":{"_acf_changed":false,"_et_pb_use_builder":"on","_et_pb_old_content":"","_et_gb_content_width":"","footnotes":""},"class_list":["post-674","page","type-page","status-publish","hentry"],"acf":[],"jetpack_sharing_enabled":true,"_links":{"self":[{"href":"https:\/\/www.flordavida.ong.br\/site\/wp-json\/wp\/v2\/pages\/674","targetHints":{"allow":["GET"]}}],"collection":[{"href":"https:\/\/www.flordavida.ong.br\/site\/wp-json\/wp\/v2\/pages"}],"about":[{"href":"https:\/\/www.flordavida.ong.br\/site\/wp-json\/wp\/v2\/types\/page"}],"author":[{"embeddable":true,"href":"https:\/\/www.flordavida.ong.br\/site\/wp-json\/wp\/v2\/users\/1"}],"replies":[{"embeddable":true,"href":"https:\/\/www.flordavida.ong.br\/site\/wp-json\/wp\/v2\/comments?post=674"}],"version-history":[{"count":25,"href":"https:\/\/www.flordavida.ong.br\/site\/wp-json\/wp\/v2\/pages\/674\/revisions"}],"predecessor-version":[{"id":2506,"href":"https:\/\/www.flordavida.ong.br\/site\/wp-json\/wp\/v2\/pages\/674\/revisions\/2506"}],"wp:attachment":[{"href":"https:\/\/www.flordavida.ong.br\/site\/wp-json\/wp\/v2\/media?parent=674"}],"curies":[{"name":"wp","href":"https:\/\/api.w.org\/{rel}","templated":true}]}}