{"id":334,"date":"2022-01-06T13:59:10","date_gmt":"2022-01-06T16:59:10","guid":{"rendered":"https:\/\/www.flordavida.ong.br\/site\/?page_id=334"},"modified":"2026-03-09T14:15:27","modified_gmt":"2026-03-09T17:15:27","slug":"edital-de-convocacao","status":"publish","type":"page","link":"https:\/\/www.flordavida.ong.br\/site\/edital-de-convocacao\/","title":{"rendered":"Editais e Convoca\u00e7\u00f5es"},"content":{"rendered":"[et_pb_section fb_built=&#8221;1&#8243; admin_label=&#8221;section&#8221; _builder_version=&#8221;3.22&#8243; global_colors_info=&#8221;{}&#8221;][et_pb_row admin_label=&#8221;row&#8221; _builder_version=&#8221;3.25&#8243; background_size=&#8221;initial&#8221; background_position=&#8221;top_left&#8221; background_repeat=&#8221;repeat&#8221; hover_enabled=&#8221;0&#8243; global_colors_info=&#8221;{}&#8221; sticky_enabled=&#8221;0&#8243;][et_pb_column type=&#8221;4_4&#8243; _builder_version=&#8221;3.25&#8243; custom_padding=&#8221;|||&#8221; global_colors_info=&#8221;{}&#8221; custom_padding__hover=&#8221;|||&#8221;][et_pb_text admin_label=&#8221;Text&#8221; _builder_version=&#8221;4.14.2&#8243; background_size=&#8221;initial&#8221; background_position=&#8221;top_left&#8221; background_repeat=&#8221;repeat&#8221; hover_enabled=&#8221;0&#8243; global_colors_info=&#8221;{}&#8221; sticky_enabled=&#8221;0&#8243;]<p><a href=\"https:\/\/www.flordavida.ong.br\/site\/downloads\/EDITAL DE CONVOCA\u00c7\u00c3O DE ASSEMBLEIA GERAL ORDIN\u00c1RIA 2026 - APROVA\u00c7\u00c3O DE CONTAS.pdf\" target=\"_blank\" rel=\"noopener\">Clique aqui <\/a>e fa\u00e7a o download do Edital de Convoca\u00e7\u00e3o para a Assembleia Geral Ordin\u00e1ria<\/p>\n<p><\/p>[\/et_pb_text][\/et_pb_column][\/et_pb_row][\/et_pb_section]","protected":false},"excerpt":{"rendered":"<p>Clique aqui e fa\u00e7a o download do Edital de Convoca\u00e7\u00e3o para a Assembleia Geral Ordin\u00e1ria<\/p>\n","protected":false},"author":3,"featured_media":0,"parent":0,"menu_order":0,"comment_status":"closed","ping_status":"closed","template":"","meta":{"_acf_changed":false,"_et_pb_use_builder":"on","_et_pb_old_content":"<!-- wp:paragraph -->\n<p><a href=\"https:\/\/www.flordavida.ong.br\/site\/downloads\/edital.pdf\">Clique aqui <\/a>e fa\u00e7a o download do Edital de Convoca\u00e7\u00e3o para a Assembleia Geral Extraordin\u00e1ria<\/p>\n<!-- \/wp:paragraph -->","_et_gb_content_width":"1080","footnotes":""},"class_list":["post-334","page","type-page","status-publish","hentry"],"acf":[],"jetpack_sharing_enabled":true,"_links":{"self":[{"href":"https:\/\/www.flordavida.ong.br\/site\/wp-json\/wp\/v2\/pages\/334","targetHints":{"allow":["GET"]}}],"collection":[{"href":"https:\/\/www.flordavida.ong.br\/site\/wp-json\/wp\/v2\/pages"}],"about":[{"href":"https:\/\/www.flordavida.ong.br\/site\/wp-json\/wp\/v2\/types\/page"}],"author":[{"embeddable":true,"href":"https:\/\/www.flordavida.ong.br\/site\/wp-json\/wp\/v2\/users\/3"}],"replies":[{"embeddable":true,"href":"https:\/\/www.flordavida.ong.br\/site\/wp-json\/wp\/v2\/comments?post=334"}],"version-history":[{"count":18,"href":"https:\/\/www.flordavida.ong.br\/site\/wp-json\/wp\/v2\/pages\/334\/revisions"}],"predecessor-version":[{"id":2505,"href":"https:\/\/www.flordavida.ong.br\/site\/wp-json\/wp\/v2\/pages\/334\/revisions\/2505"}],"wp:attachment":[{"href":"https:\/\/www.flordavida.ong.br\/site\/wp-json\/wp\/v2\/media?parent=334"}],"curies":[{"name":"wp","href":"https:\/\/api.w.org\/{rel}","templated":true}]}}