{"id":1810,"date":"2022-12-14T14:00:16","date_gmt":"2022-12-14T17:00:16","guid":{"rendered":"https:\/\/www.flordavida.ong.br\/site\/?page_id=1810"},"modified":"2022-12-15T06:20:36","modified_gmt":"2022-12-15T09:20:36","slug":"consulta-cfm","status":"publish","type":"page","link":"https:\/\/www.flordavida.ong.br\/site\/consulta-cfm\/","title":{"rendered":"Consulta P\u00fablica CFM"},"content":{"rendered":"\t\t<div data-elementor-type=\"wp-page\" data-elementor-id=\"1810\" class=\"elementor elementor-1810\" data-elementor-settings=\"[]\">\n\t\t\t\t\t\t\t<div class=\"elementor-section-wrap\">\n\t\t\t\t\t\t\t<section class=\"elementor-section elementor-top-section elementor-element elementor-element-cc18f6c elementor-hidden-tablet elementor-hidden-mobile elementor-section-boxed elementor-section-height-default elementor-section-height-default\" data-id=\"cc18f6c\" data-element_type=\"section\">\n\t\t\t\t\t\t<div class=\"elementor-container elementor-column-gap-default\">\n\t\t\t\t\t<div class=\"elementor-column elementor-col-100 elementor-top-column elementor-element elementor-element-923539e\" data-id=\"923539e\" data-element_type=\"column\">\n\t\t\t<div class=\"elementor-widget-wrap elementor-element-populated\">\n\t\t\t\t\t\t\t\t<div class=\"elementor-element elementor-element-98c02e6 elementor-hidden-tablet elementor-hidden-mobile elementor--h-position-center elementor--v-position-middle elementor-arrows-position-inside elementor-pagination-position-inside elementor-widget elementor-widget-slides\" data-id=\"98c02e6\" data-element_type=\"widget\" data-settings=\"{&quot;navigation&quot;:&quot;both&quot;,&quot;autoplay&quot;:&quot;yes&quot;,&quot;pause_on_hover&quot;:&quot;yes&quot;,&quot;pause_on_interaction&quot;:&quot;yes&quot;,&quot;autoplay_speed&quot;:5000,&quot;infinite&quot;:&quot;yes&quot;,&quot;transition&quot;:&quot;slide&quot;,&quot;transition_speed&quot;:500}\" data-widget_type=\"slides.default\">\n\t\t\t\t<div class=\"elementor-widget-container\">\n\t\t\t<style>\/*! elementor-pro - v3.6.4 - 15-03-2022 *\/\n.elementor-slides .swiper-slide-bg{background-size:cover;background-position:50%;background-repeat:no-repeat;min-width:100%;min-height:100%}.elementor-slides .swiper-slide-inner{background-repeat:no-repeat;background-position:50%;position:absolute;top:0;left:0;bottom:0;right:0;padding:50px;margin:auto}.elementor-slides .swiper-slide-inner,.elementor-slides .swiper-slide-inner:hover{color:#fff;display:-webkit-box;display:-ms-flexbox;display:flex}.elementor-slides .swiper-slide-inner .elementor-background-overlay{position:absolute;z-index:0;top:0;bottom:0;left:0;right:0}.elementor-slides .swiper-slide-inner .elementor-slide-content{position:relative;z-index:1;width:100%}.elementor-slides .swiper-slide-inner .elementor-slide-heading{font-size:35px;font-weight:700;line-height:1}.elementor-slides .swiper-slide-inner .elementor-slide-description{font-size:17px;line-height:1.4}.elementor-slides .swiper-slide-inner .elementor-slide-description:not(:last-child),.elementor-slides .swiper-slide-inner .elementor-slide-heading:not(:last-child){margin-bottom:30px}.elementor-slides .swiper-slide-inner .elementor-slide-button{border:2px solid #fff;color:#fff;background:transparent;display:inline-block}.elementor-slides .swiper-slide-inner .elementor-slide-button,.elementor-slides .swiper-slide-inner .elementor-slide-button:hover{background:transparent;color:inherit;text-decoration:none}.elementor--v-position-top .swiper-slide-inner{-webkit-box-align:start;-ms-flex-align:start;align-items:flex-start}.elementor--v-position-bottom .swiper-slide-inner{-webkit-box-align:end;-ms-flex-align:end;align-items:flex-end}.elementor--v-position-middle .swiper-slide-inner{-webkit-box-align:center;-ms-flex-align:center;align-items:center}.elementor--h-position-left .swiper-slide-inner{-webkit-box-pack:start;-ms-flex-pack:start;justify-content:flex-start}.elementor--h-position-right .swiper-slide-inner{-webkit-box-pack:end;-ms-flex-pack:end;justify-content:flex-end}.elementor--h-position-center .swiper-slide-inner{-webkit-box-pack:center;-ms-flex-pack:center;justify-content:center}body.rtl .elementor-widget-slides .elementor-swiper-button-next{left:10px;right:auto}body.rtl .elementor-widget-slides .elementor-swiper-button-prev{right:10px;left:auto}.elementor-slides-wrapper div:not(.swiper-slide)>.swiper-slide-inner{display:none}@media (max-width:767px){.elementor-slides .swiper-slide-inner{padding:30px}.elementor-slides .swiper-slide-inner .elementor-slide-heading{font-size:23px;line-height:1;margin-bottom:15px}.elementor-slides .swiper-slide-inner .elementor-slide-description{font-size:13px;line-height:1.4;margin-bottom:15px}}<\/style>\t\t<div class=\"elementor-swiper\">\n\t\t\t<div class=\"elementor-slides-wrapper elementor-main-swiper swiper-container\" dir=\"ltr\" data-animation=\"fadeInUp\">\n\t\t\t\t<div class=\"swiper-wrapper elementor-slides\">\n\t\t\t\t\t\t\t\t\t\t<div class=\"elementor-repeater-item-5f5dd44 swiper-slide\"><div class=\"swiper-slide-bg\"><\/div><a class=\"swiper-slide-inner\" href=\"https:\/\/www.flordavida.ong.br\/downloads\/Manual%20CFM.pdf\" target=\"_blank\"><div class=\"swiper-slide-contents\"><\/div><\/a><\/div>\t\t\t\t<\/div>\n\t\t\t\t\t\t\t<\/div>\n\t\t<\/div>\n\t\t\t\t<\/div>\n\t\t\t\t<\/div>\n\t\t\t\t\t<\/div>\n\t\t<\/div>\n\t\t\t\t\t\t\t<\/div>\n\t\t<\/section>\n\t\t\t\t<section class=\"elementor-section elementor-top-section elementor-element elementor-element-a6d0f5a elementor-hidden-desktop elementor-section-boxed elementor-section-height-default elementor-section-height-default\" data-id=\"a6d0f5a\" data-element_type=\"section\">\n\t\t\t\t\t\t<div class=\"elementor-container elementor-column-gap-default\">\n\t\t\t\t\t<div class=\"elementor-column elementor-col-100 elementor-top-column elementor-element elementor-element-c91f3d0\" data-id=\"c91f3d0\" data-element_type=\"column\">\n\t\t\t<div class=\"elementor-widget-wrap elementor-element-populated\">\n\t\t\t\t\t\t\t\t<div class=\"elementor-element elementor-element-dcb43e2 elementor-widget elementor-widget-image\" data-id=\"dcb43e2\" data-element_type=\"widget\" data-widget_type=\"image.default\">\n\t\t\t\t<div class=\"elementor-widget-container\">\n\t\t\t<style>\/*! elementor - v3.5.6 - 28-02-2022 *\/\n.elementor-widget-image{text-align:center}.elementor-widget-image a{display:inline-block}.elementor-widget-image a img[src$=\".svg\"]{width:48px}.elementor-widget-image img{vertical-align:middle;display:inline-block}<\/style>\t\t\t\t\t\t\t\t\t\t\t\t\t<a href=\"https:\/\/www.flordavida.ong.br\/downloads\/Manual%20CFM.pdf\" target=\"_blank\">\n\t\t\t\t\t\t\t<img loading=\"lazy\" decoding=\"async\" width=\"1080\" height=\"1080\" src=\"https:\/\/www.flordavida.ong.br\/site\/wp-content\/uploads\/2022\/12\/cmf-mobile.jpeg\" class=\"attachment-full size-full\" alt=\"\" srcset=\"https:\/\/www.flordavida.ong.br\/site\/wp-content\/uploads\/2022\/12\/cmf-mobile.jpeg 1080w, https:\/\/www.flordavida.ong.br\/site\/wp-content\/uploads\/2022\/12\/cmf-mobile-980x980.jpeg 980w, https:\/\/www.flordavida.ong.br\/site\/wp-content\/uploads\/2022\/12\/cmf-mobile-480x480.jpeg 480w\" sizes=\"auto, (min-width: 0px) and (max-width: 480px) 480px, (min-width: 481px) and (max-width: 980px) 980px, (min-width: 981px) 1080px, 100vw\" \/>\t\t\t\t\t\t\t\t<\/a>\n\t\t\t\t\t\t\t\t\t\t\t\t\t\t\t<\/div>\n\t\t\t\t<\/div>\n\t\t\t\t\t<\/div>\n\t\t<\/div>\n\t\t\t\t\t\t\t<\/div>\n\t\t<\/section>\n\t\t\t\t<section class=\"elementor-section elementor-top-section elementor-element elementor-element-89550ad elementor-hidden-desktop elementor-section-boxed elementor-section-height-default elementor-section-height-default\" data-id=\"89550ad\" data-element_type=\"section\" data-settings=\"{&quot;background_background&quot;:&quot;classic&quot;}\">\n\t\t\t\t\t\t<div class=\"elementor-container elementor-column-gap-default\">\n\t\t\t\t\t<div class=\"elementor-column elementor-col-100 elementor-top-column elementor-element elementor-element-acf04a9\" data-id=\"acf04a9\" data-element_type=\"column\">\n\t\t\t<div class=\"elementor-widget-wrap\">\n\t\t\t\t\t\t\t\t\t<\/div>\n\t\t<\/div>\n\t\t\t\t\t\t\t<\/div>\n\t\t<\/section>\n\t\t\t\t<section class=\"elementor-section elementor-top-section elementor-element elementor-element-6814abac elementor-section-boxed elementor-section-height-default elementor-section-height-default\" data-id=\"6814abac\" data-element_type=\"section\">\n\t\t\t\t\t\t<div class=\"elementor-container elementor-column-gap-default\">\n\t\t\t\t\t<div class=\"elementor-column elementor-col-100 elementor-top-column elementor-element elementor-element-5f0dd669\" data-id=\"5f0dd669\" data-element_type=\"column\">\n\t\t\t<div class=\"elementor-widget-wrap elementor-element-populated\">\n\t\t\t\t\t\t\t\t<div class=\"elementor-element elementor-element-b779558 elementor-widget elementor-widget-heading\" data-id=\"b779558\" data-element_type=\"widget\" data-widget_type=\"heading.default\">\n\t\t\t\t<div class=\"elementor-widget-container\">\n\t\t\t<style>\/*! elementor - v3.5.6 - 28-02-2022 *\/\n.elementor-heading-title{padding:0;margin:0;line-height:1}.elementor-widget-heading .elementor-heading-title[class*=elementor-size-]>a{color:inherit;font-size:inherit;line-height:inherit}.elementor-widget-heading .elementor-heading-title.elementor-size-small{font-size:15px}.elementor-widget-heading .elementor-heading-title.elementor-size-medium{font-size:19px}.elementor-widget-heading .elementor-heading-title.elementor-size-large{font-size:29px}.elementor-widget-heading .elementor-heading-title.elementor-size-xl{font-size:39px}.elementor-widget-heading .elementor-heading-title.elementor-size-xxl{font-size:59px}<\/style><h2 class=\"elementor-heading-title elementor-size-default\">Caso n\u00e3o consiga copiar e colar do PDF, <br>seguem abaixo as sugest\u00f5es de textos propostas no arquivo.<\/h2>\t\t<\/div>\n\t\t\t\t<\/div>\n\t\t\t\t<div class=\"elementor-element elementor-element-f321d5b elementor-widget elementor-widget-text-editor\" data-id=\"f321d5b\" data-element_type=\"widget\" data-widget_type=\"text-editor.default\">\n\t\t\t\t<div class=\"elementor-widget-container\">\n\t\t\t<style>\/*! elementor - v3.5.6 - 28-02-2022 *\/\n.elementor-widget-text-editor.elementor-drop-cap-view-stacked .elementor-drop-cap{background-color:#818a91;color:#fff}.elementor-widget-text-editor.elementor-drop-cap-view-framed .elementor-drop-cap{color:#818a91;border:3px solid;background-color:transparent}.elementor-widget-text-editor:not(.elementor-drop-cap-view-default) .elementor-drop-cap{margin-top:8px}.elementor-widget-text-editor:not(.elementor-drop-cap-view-default) .elementor-drop-cap-letter{width:1em;height:1em}.elementor-widget-text-editor .elementor-drop-cap{float:left;text-align:center;line-height:1;font-size:50px}.elementor-widget-text-editor .elementor-drop-cap-letter{display:inline-block}<\/style>\t\t\t\t<p><strong>Sugest\u00e3o para colar na proposta do CFM<\/strong><\/p>\n<p><\/p>\n<p><strong>Art. 1\u00ba<\/strong><\/p>\n<p>\u00c9 autorizada a prescri\u00e7\u00e3o de produtos de cannabis, nos termos da regulamenta\u00e7\u00e3o vigente e como terap\u00eautica medica para o tratamento de condi\u00e7\u00f5es cl\u00ednicas nas quais o m\u00e9dico respons\u00e1vel, a seu crit\u00e9rio, julgar ser o tratamento adequado, conforme via de administra\u00e7\u00e3o que indique.<\/p>\n<p>Selecione:&nbsp;<i>&#8220;Tenho uma proposta de reda\u00e7\u00e3o&#8221;<\/i><\/p>\n<p><br><\/p>\n<p><strong>Art. 1\u00ba \u2013 Par\u00e1grafo \u00danico<\/strong><\/p>\n<p>Os pacientes submetidos ao tratamento com o produto de cannabis, ou seus respons\u00e1veis legais, dever\u00e3o ser esclarecidos sobre os riscos e benef\u00edcios potenciais do tratamento por termo de consentimento livre e esclarecido (TCLE)(Anexo I).<\/p>\n<p><strong>&nbsp;<\/strong><\/p>\n<p><strong>Art. 2\u00ba<\/strong><\/p>\n<p>O m\u00e9dico n\u00e3o responder\u00e1 em sindic\u00e2ncia ou procedimento \u00e9tico profissional pela inobserv\u00e2ncia do paciente quanto ao tratamento indicado na prescri\u00e7\u00e3o.<\/p>\n<p><strong>&nbsp;<\/strong><\/p>\n<p><strong>Art. 2\u00ba \u2013 Par\u00e1grafo \u00danico<\/strong><\/p>\n<p>O grau de pureza do produto de cannabis e sua forma de apresenta\u00e7\u00e3o devem seguir as determina\u00e7\u00f5es da ANVISA.<\/p>\n<p><\/p>\n<p><strong>Art. 3\u00ba (I)<\/strong><\/p>\n<p>\u00c9 vedado ao m\u00e9dico a prescri\u00e7\u00e3o de produto de cannabis em contrariedade com a regulamenta\u00e7\u00e3o vigente.<\/p>\n<p><\/p>\n<p><strong>Art. 3\u00ba &nbsp;(II)<\/strong><\/p>\n<p>Deve ser suprimido integralmente, vez que h\u00e1 viola\u00e7\u00e3o das garantias fundamentais de liberdade de express\u00e3o e acesso \u00e0 informa\u00e7\u00e3o, e que em rela\u00e7\u00e3o a publicidade j\u00e1 existe norma espec\u00edfica sobre o tema.<\/p>\n<p><\/p>\n<p><strong>Art. 4\u00ba<\/strong><\/p>\n<p>Esta resolu\u00e7\u00e3o dever\u00e1 ser revista oportunamente conforme o avan\u00e7o das pesquisas e da atualiza\u00e7\u00e3o da literatura cient\u00edfica.<\/p>\n<p><\/p>\n<p><strong>Art. 5\u00ba e 6\u00ba<\/strong><\/p>\n<p>Mantido<\/p>\t\t\t\t\t\t<\/div>\n\t\t\t\t<\/div>\n\t\t\t\t\t<\/div>\n\t\t<\/div>\n\t\t\t\t\t\t\t<\/div>\n\t\t<\/section>\n\t\t\t\t\t\t<\/div>\n\t\t\t\t\t<\/div>\n\t\t","protected":false},"excerpt":{"rendered":"<p>Caso n\u00e3o consiga copiar e colar do PDF, seguem abaixo as sugest\u00f5es de textos propostas no arquivo. Sugest\u00e3o para colar na proposta do CFM Art. 1\u00ba \u00c9 autorizada a prescri\u00e7\u00e3o de produtos de cannabis, nos termos da regulamenta\u00e7\u00e3o vigente e como terap\u00eautica medica para o tratamento de condi\u00e7\u00f5es cl\u00ednicas nas quais o m\u00e9dico respons\u00e1vel, a [&hellip;]<\/p>\n","protected":false},"author":3,"featured_media":0,"parent":0,"menu_order":0,"comment_status":"closed","ping_status":"closed","template":"","meta":{"_acf_changed":false,"_et_pb_use_builder":"on","_et_pb_old_content":"Ajude a Flor da Vida a continuar com seus trabalhos sociais!&nbsp;\n\nSaiba como nos ajudar!\n\n<style>\/*! elementor - v3.5.6 - 28-02-2022 *\/<br \/>\n.elementor-widget-divider{--divider-border-style:none;--divider-border-width:1px;--divider-color:#2c2c2c;--divider-icon-size:20px;--divider-element-spacing:10px;--divider-pattern-height:24px;--divider-pattern-size:20px;--divider-pattern-url:none;--divider-pattern-repeat:repeat-x}.elementor-widget-divider .elementor-divider{display:-webkit-box;display:-ms-flexbox;display:flex}.elementor-widget-divider .elementor-divider__text{font-size:15px;line-height:1;max-width:95%}.elementor-widget-divider .elementor-divider__element{margin:0 var(--divider-element-spacing);-ms-flex-negative:0;flex-shrink:0}.elementor-widget-divider .elementor-icon{font-size:var(--divider-icon-size)}.elementor-widget-divider .elementor-divider-separator{display:-webkit-box;display:-ms-flexbox;display:flex;margin:0;direction:ltr}.elementor-widget-divider--view-line_icon .elementor-divider-separator,.elementor-widget-divider--view-line_text .elementor-divider-separator{-webkit-box-align:center;-ms-flex-align:center;align-items:center}.elementor-widget-divider--view-line_icon .elementor-divider-separator:after,.elementor-widget-divider--view-line_icon .elementor-divider-separator:before,.elementor-widget-divider--view-line_text .elementor-divider-separator:after,.elementor-widget-divider--view-line_text .elementor-divider-separator:before{display:block;content:\"\";border-bottom:0;-webkit-box-flex:1;-ms-flex-positive:1;flex-grow:1;border-top:var(--divider-border-width) var(--divider-border-style) var(--divider-color)}.elementor-widget-divider--element-align-left .elementor-divider .elementor-divider-separator>.elementor-divider__svg:first-of-type{-webkit-box-flex:0;-ms-flex-positive:0;flex-grow:0;-ms-flex-negative:100;flex-shrink:100}.elementor-widget-divider--element-align-left .elementor-divider-separator:before{content:none}.elementor-widget-divider--element-align-left .elementor-divider__element{margin-left:0}.elementor-widget-divider--element-align-right .elementor-divider .elementor-divider-separator>.elementor-divider__svg:last-of-type{-webkit-box-flex:0;-ms-flex-positive:0;flex-grow:0;-ms-flex-negative:100;flex-shrink:100}.elementor-widget-divider--element-align-right .elementor-divider-separator:after{content:none}.elementor-widget-divider--element-align-right .elementor-divider__element{margin-right:0}.elementor-widget-divider:not(.elementor-widget-divider--view-line_text):not(.elementor-widget-divider--view-line_icon) .elementor-divider-separator{border-top:var(--divider-border-width) var(--divider-border-style) var(--divider-color)}.elementor-widget-divider--separator-type-pattern{--divider-border-style:none}.elementor-widget-divider--separator-type-pattern.elementor-widget-divider--view-line .elementor-divider-separator,.elementor-widget-divider--separator-type-pattern:not(.elementor-widget-divider--view-line) .elementor-divider-separator:after,.elementor-widget-divider--separator-type-pattern:not(.elementor-widget-divider--view-line) .elementor-divider-separator:before,.elementor-widget-divider--separator-type-pattern:not([class*=elementor-widget-divider--view]) .elementor-divider-separator{width:100%;min-height:var(--divider-pattern-height);-webkit-mask-size:var(--divider-pattern-size) 100%;mask-size:var(--divider-pattern-size) 100%;-webkit-mask-repeat:var(--divider-pattern-repeat);mask-repeat:var(--divider-pattern-repeat);background-color:var(--divider-color);-webkit-mask-image:var(--divider-pattern-url);mask-image:var(--divider-pattern-url)}.elementor-widget-divider--no-spacing{--divider-pattern-size:auto}.elementor-widget-divider--bg-round{--divider-pattern-repeat:round}.rtl .elementor-widget-divider .elementor-divider__text{direction:rtl}<\/style>\n<style>\/*! elementor - v3.5.6 - 28-02-2022 *\/<br \/>\n.elementor-heading-title{padding:0;margin:0;line-height:1}.elementor-widget-heading .elementor-heading-title[class*=elementor-size-]>a{color:inherit;font-size:inherit;line-height:inherit}.elementor-widget-heading .elementor-heading-title.elementor-size-small{font-size:15px}.elementor-widget-heading .elementor-heading-title.elementor-size-medium{font-size:19px}.elementor-widget-heading .elementor-heading-title.elementor-size-large{font-size:29px}.elementor-widget-heading .elementor-heading-title.elementor-size-xl{font-size:39px}.elementor-widget-heading .elementor-heading-title.elementor-size-xxl{font-size:59px}<\/style>\n<h2>Doa\u00e7\u00e3o \u00danica<\/h2>\nAs doa\u00e7\u00f5es \u00fanicas s\u00e3o cobradas somente uma vez na modalidade escolhida para finalizar a doa\u00e7\u00e3o\n\n<style>\/*! elementor - v3.5.6 - 28-02-2022 *\/<br \/>\n.elementor-widget-image{text-align:center}.elementor-widget-image a{display:inline-block}.elementor-widget-image a img[src$=\".svg\"]{width:48px}.elementor-widget-image img{vertical-align:middle;display:inline-block}<\/style>\t\t\t\t\t\t\t\t\t\t\t\t\t<a href=\"https:\/\/www.flordavida.ong.br\/site\/produto\/doacao-r15\/\" target=\"_blank\" rel=\"noopener\">\n<img width=\"110\" height=\"50\" src=\"https:\/\/www.flordavida.ong.br\/site\/wp-content\/uploads\/2022\/09\/My-project-1-10.png\" alt=\"\" loading=\"lazy\">\t\t\t\t\t\t\t\t<\/a>\n<a href=\"https:\/\/www.flordavida.ong.br\/site\/produto\/doacao-r-30\/\" target=\"_blank\" rel=\"noopener\">\n<img src=\"https:\/\/www.flordavida.ong.br\/site\/wp-content\/uploads\/2022\/09\/My-project-1-11.png\" title=\"My project-1 (11)\" alt=\"My project-1 (11)\">\t\t\t\t\t\t\t\t<\/a>\n<a href=\"https:\/\/www.flordavida.ong.br\/site\/produto\/doacao-r-50\/\" target=\"_blank\" rel=\"noopener\">\n<img width=\"110\" height=\"50\" src=\"https:\/\/www.flordavida.ong.br\/site\/wp-content\/uploads\/2022\/09\/My-project-1-12.png\" alt=\"\" loading=\"lazy\">\t\t\t\t\t\t\t\t<\/a>\n<a href=\"https:\/\/www.flordavida.ong.br\/site\/produto\/doacao-r-70\/\" target=\"_blank\" rel=\"noopener\">\n<img width=\"110\" height=\"50\" src=\"https:\/\/www.flordavida.ong.br\/site\/wp-content\/uploads\/2022\/09\/My-project-1-13.png\" alt=\"\" loading=\"lazy\">\t\t\t\t\t\t\t\t<\/a>\n<a href=\"https:\/\/www.flordavida.ong.br\/site\/produto\/doacao-r-70\/\" target=\"_blank\" rel=\"noopener\">\n<img width=\"110\" height=\"50\" src=\"https:\/\/www.flordavida.ong.br\/site\/wp-content\/uploads\/2022\/09\/My-project-1-14.png\" alt=\"\" loading=\"lazy\">\t\t\t\t\t\t\t\t<\/a>\n<a href=\"https:\/\/pag.ae\/7Yu3UNzhP\" target=\"_blank\" rel=\"noopener\">\n<img width=\"110\" height=\"50\" src=\"https:\/\/www.flordavida.ong.br\/site\/wp-content\/uploads\/2022\/09\/My-project-1-15.png\" alt=\"\" loading=\"lazy\">\t\t\t\t\t\t\t\t<\/a>\n<h2>Doa\u00e7\u00e3o Recorrente<\/h2>\nAs doa\u00e7\u00f5es recorrentes ser\u00e3o debitadas diretamente em seu cart\u00e3o de cr\u00e9dito de acordo com o valor escolhido.\n\n<a href=\"http:\/\/pag.ae\/7YDTU-m4q\" target=\"_blank\" rel=\"noopener\">\n<img width=\"110\" height=\"50\" src=\"https:\/\/www.flordavida.ong.br\/site\/wp-content\/uploads\/2022\/09\/My-project-1-10.png\" alt=\"\" loading=\"lazy\">\t\t\t\t\t\t\t\t<\/a>\n<img width=\"110\" height=\"50\" src=\"https:\/\/www.flordavida.ong.br\/site\/wp-content\/uploads\/2022\/09\/My-project-1-11.png\" alt=\"\" loading=\"lazy\">\n<a href=\"http:\/\/pag.ae\/7YDTVLwpv\" target=\"_blank\" rel=\"noopener\">\n<img width=\"110\" height=\"50\" src=\"https:\/\/www.flordavida.ong.br\/site\/wp-content\/uploads\/2022\/09\/My-project-1-12.png\" alt=\"\" loading=\"lazy\">\t\t\t\t\t\t\t\t<\/a>\n<img width=\"110\" height=\"50\" src=\"https:\/\/www.flordavida.ong.br\/site\/wp-content\/uploads\/2022\/09\/My-project-1-13.png\" alt=\"\" loading=\"lazy\">\n<img width=\"110\" height=\"50\" src=\"https:\/\/www.flordavida.ong.br\/site\/wp-content\/uploads\/2022\/09\/My-project-1-14.png\" alt=\"\" loading=\"lazy\">\n<a href=\"https:\/\/www.flordavida.ong.br\/site\/form-doacao\/\" target=\"_blank\" rel=\"noopener\">\n<img width=\"110\" height=\"50\" src=\"https:\/\/www.flordavida.ong.br\/site\/wp-content\/uploads\/2022\/09\/My-project-1-15.png\" alt=\"\" loading=\"lazy\">\t\t\t\t\t\t\t\t<\/a>\n<h2>Rifa<\/h2>\nVoc\u00ea pode nos ajudar clicando na imagem e contribuindo com um n\u00famero da nossa rifa do quadro \"Passarim no brejo de madrugada\"\n\nPainel 140x100cm \u2013 acr\u00edlica sobre tela.\n\nPintado e doado pelo artista pl\u00e1stico Pedro Machado\n\n@HumusSapiens Artes\n\n<a href=\"https:\/\/www.flordavida.ong.br\/site\/sorteio-quadro-passarim-no-brejo-de-madrugada\/\" target=\"_blank\" rel=\"noopener\">\n<img width=\"980\" height=\"655\" src=\"https:\/\/www.flordavida.ong.br\/site\/wp-content\/uploads\/2022\/09\/Quadro-Rifa.jpg\" alt=\"\" loading=\"lazy\" srcset=\"https:\/\/www.flordavida.ong.br\/site\/wp-content\/uploads\/2022\/09\/Quadro-Rifa.jpg 980w, https:\/\/www.flordavida.ong.br\/site\/wp-content\/uploads\/2022\/09\/Quadro-Rifa-300x201.jpg 300w, https:\/\/www.flordavida.ong.br\/site\/wp-content\/uploads\/2022\/09\/Quadro-Rifa-768x513.jpg 768w, https:\/\/www.flordavida.ong.br\/site\/wp-content\/uploads\/2022\/09\/Quadro-Rifa-480x321.jpg 480w, https:\/\/www.flordavida.ong.br\/site\/wp-content\/uploads\/2022\/09\/Quadro-Rifa-600x401.jpg 600w\" sizes=\"(max-width: 980px) 100vw, 980px\">\t\t\t\t\t\t\t\t<\/a>\n<h2>PIX<\/h2>\nAjude enviando um PIX para a chave:\n\nCNPJ: 34.713.303\/0001-73\n\nAssocia\u00e7\u00e3o Terap\u00eautica Cannabis Medicinal Flor da Vida","_et_gb_content_width":"1080","footnotes":""},"class_list":["post-1810","page","type-page","status-publish","hentry"],"acf":[],"jetpack_sharing_enabled":true,"_links":{"self":[{"href":"https:\/\/www.flordavida.ong.br\/site\/wp-json\/wp\/v2\/pages\/1810","targetHints":{"allow":["GET"]}}],"collection":[{"href":"https:\/\/www.flordavida.ong.br\/site\/wp-json\/wp\/v2\/pages"}],"about":[{"href":"https:\/\/www.flordavida.ong.br\/site\/wp-json\/wp\/v2\/types\/page"}],"author":[{"embeddable":true,"href":"https:\/\/www.flordavida.ong.br\/site\/wp-json\/wp\/v2\/users\/3"}],"replies":[{"embeddable":true,"href":"https:\/\/www.flordavida.ong.br\/site\/wp-json\/wp\/v2\/comments?post=1810"}],"version-history":[{"count":49,"href":"https:\/\/www.flordavida.ong.br\/site\/wp-json\/wp\/v2\/pages\/1810\/revisions"}],"predecessor-version":[{"id":1884,"href":"https:\/\/www.flordavida.ong.br\/site\/wp-json\/wp\/v2\/pages\/1810\/revisions\/1884"}],"wp:attachment":[{"href":"https:\/\/www.flordavida.ong.br\/site\/wp-json\/wp\/v2\/media?parent=1810"}],"curies":[{"name":"wp","href":"https:\/\/api.w.org\/{rel}","templated":true}]}}